{"id":11230,"date":"2026-02-09T09:39:47","date_gmt":"2026-02-09T08:39:47","guid":{"rendered":"https:\/\/tecnoblendgroup.com\/catalogos\/"},"modified":"2026-04-13T16:54:53","modified_gmt":"2026-04-13T14:54:53","slug":"catalogos","status":"publish","type":"page","link":"https:\/\/tecnoblendgroup.com\/es\/catalogos\/","title":{"rendered":"Cat\u00e1logos"},"content":{"rendered":"\t\t<div data-elementor-type=\"wp-page\" data-elementor-id=\"11230\" class=\"elementor elementor-11230 elementor-9620\" data-elementor-post-type=\"page\">\n\t\t\t\t<div class=\"elementor-element elementor-element-b90c2a2 e-con-full e-flex e-con e-parent\" data-id=\"b90c2a2\" data-element_type=\"container\" data-e-type=\"container\">\n\t\t<div class=\"elementor-element elementor-element-4750b2a e-con-full e-flex e-con e-child\" data-id=\"4750b2a\" data-element_type=\"container\" data-e-type=\"container\" data-settings=\"{&quot;background_background&quot;:&quot;classic&quot;}\">\n\t\t\t\t<div class=\"elementor-element elementor-element-db08350 elementor-widget elementor-widget-heading\" data-id=\"db08350\" data-element_type=\"widget\" data-e-type=\"widget\" data-widget_type=\"heading.default\">\n\t\t\t\t\t<h1 class=\"elementor-heading-title elementor-size-default\">Cat\u00e1logos<\/h1>\t\t\t\t<\/div>\n\t\t\t\t<div class=\"elementor-element elementor-element-aceb243 elementor-widget elementor-widget-breadcrumbs\" data-id=\"aceb243\" data-element_type=\"widget\" data-e-type=\"widget\" data-widget_type=\"breadcrumbs.default\">\n\t\t\t\t\t<nav id=\"breadcrumbs\"><span><span><a href=\"https:\/\/tecnoblendgroup.com\/es\/\">Home<\/a><\/span><\/span><\/nav>\t\t\t\t<\/div>\n\t\t\t\t<\/div>\n\t\t\t\t<\/div>\n\t\t<div class=\"elementor-element elementor-element-71169d9 e-flex e-con-boxed e-con e-parent\" data-id=\"71169d9\" data-element_type=\"container\" data-e-type=\"container\">\n\t\t\t\t\t<div class=\"e-con-inner\">\n\t\t<div class=\"elementor-element elementor-element-2f57a18 e-con-full e-flex e-con e-child\" data-id=\"2f57a18\" data-element_type=\"container\" data-e-type=\"container\" data-settings=\"{&quot;background_background&quot;:&quot;classic&quot;}\">\n\t\t\t\t<div class=\"elementor-element elementor-element-e466601 elementor-widget elementor-widget-image\" data-id=\"e466601\" data-element_type=\"widget\" data-e-type=\"widget\" data-widget_type=\"image.default\">\n\t\t\t\t\t\t\t\t\t\t\t\t\t\t\t<img fetchpriority=\"high\" decoding=\"async\" width=\"600\" height=\"800\" src=\"https:\/\/tecnoblendgroup.com\/wp-content\/uploads\/2026\/04\/cover-tecnoblend-es-2.jpg\" class=\"attachment-full size-full wp-image-11228\" alt=\"cover tecnoblend\" srcset=\"https:\/\/tecnoblendgroup.com\/wp-content\/uploads\/2026\/04\/cover-tecnoblend-es-2.jpg 600w, https:\/\/tecnoblendgroup.com\/wp-content\/uploads\/2026\/04\/cover-tecnoblend-es-2-225x300.jpg 225w\" sizes=\"(max-width: 600px) 100vw, 600px\" \/>\t\t\t\t\t\t\t\t\t\t\t\t\t\t\t<\/div>\n\t\t\t\t<div class=\"elementor-element elementor-element-5c75a48 elementor-widget elementor-widget-heading\" data-id=\"5c75a48\" data-element_type=\"widget\" data-e-type=\"widget\" data-widget_type=\"heading.default\">\n\t\t\t\t\t<h4 class=\"elementor-heading-title elementor-size-default\">Cat\u00e1logos<\/h4>\t\t\t\t<\/div>\n\t\t\t\t<div class=\"elementor-element elementor-element-42a655c elementor-widget elementor-widget-heading\" data-id=\"42a655c\" data-element_type=\"widget\" data-e-type=\"widget\" data-widget_type=\"heading.default\">\n\t\t\t\t\t<h3 class=\"elementor-heading-title elementor-size-default\">Gelateria<\/h3>\t\t\t\t<\/div>\n\t\t\t\t<div class=\"elementor-element elementor-element-4940499 elementor-align-center elementor-widget elementor-widget-button\" data-id=\"4940499\" data-element_type=\"widget\" data-e-type=\"widget\" data-widget_type=\"button.default\">\n\t\t\t\t\t\t\t\t\t\t<a class=\"elementor-button elementor-button-link elementor-size-sm\" href=\"https:\/\/tecnoblendgroup.com\/cat\/es\/tecnoblend-gelateria-es.pdf\" target=\"_blank\">\n\t\t\t\t\t\t<span class=\"elementor-button-content-wrapper\">\n\t\t\t\t\t\t\t\t\t<span class=\"elementor-button-text\">DESCARGAR<\/span>\n\t\t\t\t\t<\/span>\n\t\t\t\t\t<\/a>\n\t\t\t\t\t\t\t\t<\/div>\n\t\t\t\t<\/div>\n\t\t<div class=\"elementor-element elementor-element-8c4875a e-con-full e-flex e-con e-child\" data-id=\"8c4875a\" data-element_type=\"container\" data-e-type=\"container\" data-settings=\"{&quot;background_background&quot;:&quot;classic&quot;}\">\n\t\t\t\t<div class=\"elementor-element elementor-element-e6cc177 elementor-widget elementor-widget-image\" data-id=\"e6cc177\" data-element_type=\"widget\" data-e-type=\"widget\" data-widget_type=\"image.default\">\n\t\t\t\t\t\t\t\t\t\t\t\t\t\t\t<img decoding=\"async\" width=\"600\" height=\"800\" src=\"https:\/\/tecnoblendgroup.com\/wp-content\/uploads\/2026\/02\/cover-pastry.jpg\" class=\"attachment-full size-full wp-image-11224\" alt=\"cover pastry\" srcset=\"https:\/\/tecnoblendgroup.com\/wp-content\/uploads\/2026\/02\/cover-pastry.jpg 600w, https:\/\/tecnoblendgroup.com\/wp-content\/uploads\/2026\/02\/cover-pastry-225x300.jpg 225w\" sizes=\"(max-width: 600px) 100vw, 600px\" \/>\t\t\t\t\t\t\t\t\t\t\t\t\t\t\t<\/div>\n\t\t\t\t<div class=\"elementor-element elementor-element-64d90c0 elementor-widget elementor-widget-heading\" data-id=\"64d90c0\" data-element_type=\"widget\" data-e-type=\"widget\" data-widget_type=\"heading.default\">\n\t\t\t\t\t<h4 class=\"elementor-heading-title elementor-size-default\">Cat\u00e1logos<\/h4>\t\t\t\t<\/div>\n\t\t\t\t<div class=\"elementor-element elementor-element-721c6a0 elementor-widget elementor-widget-heading\" data-id=\"721c6a0\" data-element_type=\"widget\" data-e-type=\"widget\" data-widget_type=\"heading.default\">\n\t\t\t\t\t<h3 class=\"elementor-heading-title elementor-size-default\">Pasteler\u00eda<\/h3>\t\t\t\t<\/div>\n\t\t\t\t<div class=\"elementor-element elementor-element-5e6f60a elementor-align-center elementor-widget elementor-widget-button\" data-id=\"5e6f60a\" data-element_type=\"widget\" data-e-type=\"widget\" data-widget_type=\"button.default\">\n\t\t\t\t\t\t\t\t\t\t<a class=\"elementor-button elementor-button-link elementor-size-sm\" href=\"https:\/\/tecnoblendgroup.com\/cat\/it\/pastry-gold-it.pdf\" target=\"_blank\">\n\t\t\t\t\t\t<span class=\"elementor-button-content-wrapper\">\n\t\t\t\t\t\t\t\t\t<span class=\"elementor-button-text\">DESCARGAR<\/span>\n\t\t\t\t\t<\/span>\n\t\t\t\t\t<\/a>\n\t\t\t\t\t\t\t\t<\/div>\n\t\t\t\t<\/div>\n\t\t<div class=\"elementor-element elementor-element-4cc6fe4 e-con-full e-flex e-con e-child\" data-id=\"4cc6fe4\" data-element_type=\"container\" data-e-type=\"container\" data-settings=\"{&quot;background_background&quot;:&quot;classic&quot;}\">\n\t\t\t\t<div class=\"elementor-element elementor-element-98a35f2 elementor-widget elementor-widget-image\" data-id=\"98a35f2\" data-element_type=\"widget\" data-e-type=\"widget\" data-widget_type=\"image.default\">\n\t\t\t\t\t\t\t\t\t\t\t\t\t\t\t<img decoding=\"async\" width=\"600\" height=\"800\" src=\"https:\/\/tecnoblendgroup.com\/wp-content\/uploads\/2026\/02\/cover-intensho.jpg\" class=\"attachment-full size-full wp-image-11225\" alt=\"\" srcset=\"https:\/\/tecnoblendgroup.com\/wp-content\/uploads\/2026\/02\/cover-intensho.jpg 600w, https:\/\/tecnoblendgroup.com\/wp-content\/uploads\/2026\/02\/cover-intensho-225x300.jpg 225w\" sizes=\"(max-width: 600px) 100vw, 600px\" \/>\t\t\t\t\t\t\t\t\t\t\t\t\t\t\t<\/div>\n\t\t\t\t<div class=\"elementor-element elementor-element-6ea121c elementor-widget elementor-widget-heading\" data-id=\"6ea121c\" data-element_type=\"widget\" data-e-type=\"widget\" data-widget_type=\"heading.default\">\n\t\t\t\t\t<h4 class=\"elementor-heading-title elementor-size-default\">Cat\u00e1logos<\/h4>\t\t\t\t<\/div>\n\t\t\t\t<div class=\"elementor-element elementor-element-ad9f9e8 elementor-widget elementor-widget-heading\" data-id=\"ad9f9e8\" data-element_type=\"widget\" data-e-type=\"widget\" data-widget_type=\"heading.default\">\n\t\t\t\t\t<h3 class=\"elementor-heading-title elementor-size-default\">Ho.Re.Ca<\/h3>\t\t\t\t<\/div>\n\t\t\t\t<div class=\"elementor-element elementor-element-c3690d0 elementor-align-center elementor-widget elementor-widget-button\" data-id=\"c3690d0\" data-element_type=\"widget\" data-e-type=\"widget\" data-widget_type=\"button.default\">\n\t\t\t\t\t\t\t\t\t\t<a class=\"elementor-button elementor-button-link elementor-size-sm\" href=\"https:\/\/tecnoblendgroup.com\/cat\/it\/intensho-it.pdf\" target=\"_blank\">\n\t\t\t\t\t\t<span class=\"elementor-button-content-wrapper\">\n\t\t\t\t\t\t\t\t\t<span class=\"elementor-button-text\">DESCARGAR<\/span>\n\t\t\t\t\t<\/span>\n\t\t\t\t\t<\/a>\n\t\t\t\t\t\t\t\t<\/div>\n\t\t\t\t<\/div>\n\t\t<div class=\"elementor-element elementor-element-447fbcd e-con-full e-flex e-con e-child\" data-id=\"447fbcd\" data-element_type=\"container\" data-e-type=\"container\" data-settings=\"{&quot;background_background&quot;:&quot;classic&quot;}\">\n\t\t\t\t<div class=\"elementor-element elementor-element-93cde7b elementor-widget elementor-widget-image\" data-id=\"93cde7b\" data-element_type=\"widget\" data-e-type=\"widget\" data-widget_type=\"image.default\">\n\t\t\t\t\t\t\t\t\t\t\t\t\t\t\t<img loading=\"lazy\" decoding=\"async\" width=\"600\" height=\"800\" src=\"https:\/\/tecnoblendgroup.com\/wp-content\/uploads\/2026\/02\/cover-nicoletti.jpg\" class=\"attachment-full size-full wp-image-11226\" alt=\"\" srcset=\"https:\/\/tecnoblendgroup.com\/wp-content\/uploads\/2026\/02\/cover-nicoletti.jpg 600w, https:\/\/tecnoblendgroup.com\/wp-content\/uploads\/2026\/02\/cover-nicoletti-225x300.jpg 225w\" sizes=\"(max-width: 600px) 100vw, 600px\" \/>\t\t\t\t\t\t\t\t\t\t\t\t\t\t\t<\/div>\n\t\t\t\t<div class=\"elementor-element elementor-element-1b500dd elementor-widget elementor-widget-heading\" data-id=\"1b500dd\" data-element_type=\"widget\" data-e-type=\"widget\" data-widget_type=\"heading.default\">\n\t\t\t\t\t<h4 class=\"elementor-heading-title elementor-size-default\">Cat\u00e1logos<\/h4>\t\t\t\t<\/div>\n\t\t\t\t<div class=\"elementor-element elementor-element-f8d5910 elementor-widget elementor-widget-heading\" data-id=\"f8d5910\" data-element_type=\"widget\" data-e-type=\"widget\" data-widget_type=\"heading.default\">\n\t\t\t\t\t<h3 class=\"elementor-heading-title elementor-size-default\">Industria<\/h3>\t\t\t\t<\/div>\n\t\t\t\t<div class=\"elementor-element elementor-element-3d51c13 elementor-align-center elementor-widget elementor-widget-button\" data-id=\"3d51c13\" data-element_type=\"widget\" data-e-type=\"widget\" data-widget_type=\"button.default\">\n\t\t\t\t\t\t\t\t\t\t<a class=\"elementor-button elementor-button-link elementor-size-sm\" href=\"https:\/\/tecnoblendgroup.com\/cat\/it\/nicoletti-food-it.pdf\" target=\"_blank\">\n\t\t\t\t\t\t<span class=\"elementor-button-content-wrapper\">\n\t\t\t\t\t\t\t\t\t<span class=\"elementor-button-text\">DESCARGAR<\/span>\n\t\t\t\t\t<\/span>\n\t\t\t\t\t<\/a>\n\t\t\t\t\t\t\t\t<\/div>\n\t\t\t\t<\/div>\n\t\t<div class=\"elementor-element elementor-element-b7d07e2 e-con-full e-flex e-con e-child\" data-id=\"b7d07e2\" data-element_type=\"container\" data-e-type=\"container\" data-settings=\"{&quot;background_background&quot;:&quot;classic&quot;}\">\n\t\t\t\t<div class=\"elementor-element elementor-element-b44bb28 elementor-widget elementor-widget-image\" data-id=\"b44bb28\" data-element_type=\"widget\" data-e-type=\"widget\" data-widget_type=\"image.default\">\n\t\t\t\t\t\t\t\t\t\t\t\t\t\t\t<img loading=\"lazy\" decoding=\"async\" width=\"600\" height=\"800\" src=\"https:\/\/tecnoblendgroup.com\/wp-content\/uploads\/2026\/04\/cover-linea-easy-es.jpg\" class=\"attachment-full size-full wp-image-11229\" alt=\"cover linea easy\" srcset=\"https:\/\/tecnoblendgroup.com\/wp-content\/uploads\/2026\/04\/cover-linea-easy-es.jpg 600w, https:\/\/tecnoblendgroup.com\/wp-content\/uploads\/2026\/04\/cover-linea-easy-es-225x300.jpg 225w\" sizes=\"(max-width: 600px) 100vw, 600px\" \/>\t\t\t\t\t\t\t\t\t\t\t\t\t\t\t<\/div>\n\t\t\t\t<div class=\"elementor-element elementor-element-6579870 elementor-widget elementor-widget-heading\" data-id=\"6579870\" data-element_type=\"widget\" data-e-type=\"widget\" data-widget_type=\"heading.default\">\n\t\t\t\t\t<h4 class=\"elementor-heading-title elementor-size-default\">Cat\u00e1logos<\/h4>\t\t\t\t<\/div>\n\t\t\t\t<div class=\"elementor-element elementor-element-041b4b2 elementor-widget elementor-widget-heading\" data-id=\"041b4b2\" data-element_type=\"widget\" data-e-type=\"widget\" data-widget_type=\"heading.default\">\n\t\t\t\t\t<h3 class=\"elementor-heading-title elementor-size-default\">Linea Easy<\/h3>\t\t\t\t<\/div>\n\t\t\t\t<div class=\"elementor-element elementor-element-b357842 elementor-align-center elementor-widget elementor-widget-button\" data-id=\"b357842\" data-element_type=\"widget\" data-e-type=\"widget\" data-widget_type=\"button.default\">\n\t\t\t\t\t\t\t\t\t\t<a class=\"elementor-button elementor-button-link elementor-size-sm\" href=\"https:\/\/tecnoblendgroup.com\/cat\/es\/linea-easy-es.pdf\" target=\"_blank\">\n\t\t\t\t\t\t<span class=\"elementor-button-content-wrapper\">\n\t\t\t\t\t\t\t\t\t<span class=\"elementor-button-text\">DESCARGAR<\/span>\n\t\t\t\t\t<\/span>\n\t\t\t\t\t<\/a>\n\t\t\t\t\t\t\t\t<\/div>\n\t\t\t\t<\/div>\n\t\t\t\t\t<\/div>\n\t\t\t\t<\/div>\n\t\t\t\t<\/div>\n\t\t","protected":false},"excerpt":{"rendered":"<p>Cat\u00e1logos Gelateria DESCARGAR Cat\u00e1logos Pasteler\u00eda DESCARGAR Cat\u00e1logos Ho.Re.Ca DESCARGAR Cat\u00e1logos Industria DESCARGAR Cat\u00e1logos Linea Easy DESCARGAR<\/p>\n","protected":false},"author":1,"featured_media":0,"parent":0,"menu_order":0,"comment_status":"closed","ping_status":"closed","template":"","meta":{"_acf_changed":false,"footnotes":""},"class_list":["post-11230","page","type-page","status-publish","hentry"],"acf":[],"yoast_head":"<!-- This site is optimized with the Yoast SEO plugin v27.3 - https:\/\/yoast.com\/product\/yoast-seo-wordpress\/ -->\n<title>Cat\u00e1logos - Tecnoblend Group<\/title>\n<meta name=\"robots\" content=\"index, follow, max-snippet:-1, max-image-preview:large, max-video-preview:-1\" \/>\n<link rel=\"canonical\" href=\"https:\/\/tecnoblendgroup.com\/es\/catalogos\/\" \/>\n<meta property=\"og:locale\" content=\"es_ES\" \/>\n<meta property=\"og:type\" content=\"article\" \/>\n<meta property=\"og:title\" content=\"Cat\u00e1logos - Tecnoblend Group\" \/>\n<meta property=\"og:description\" content=\"Cat\u00e1logos Gelateria DESCARGAR Cat\u00e1logos Pasteler\u00eda DESCARGAR Cat\u00e1logos Ho.Re.Ca DESCARGAR Cat\u00e1logos Industria DESCARGAR Cat\u00e1logos Linea Easy DESCARGAR\" \/>\n<meta property=\"og:url\" content=\"https:\/\/tecnoblendgroup.com\/es\/catalogos\/\" \/>\n<meta property=\"og:site_name\" content=\"Tecnoblend Group\" \/>\n<meta property=\"article:modified_time\" content=\"2026-04-13T14:54:53+00:00\" \/>\n<meta property=\"og:image\" content=\"https:\/\/tecnoblendgroup.com\/wp-content\/uploads\/2026\/03\/cover-tecnoblend.jpg\" \/>\n\t<meta property=\"og:image:width\" content=\"600\" \/>\n\t<meta property=\"og:image:height\" content=\"800\" \/>\n\t<meta property=\"og:image:type\" content=\"image\/jpeg\" \/>\n<meta name=\"twitter:card\" content=\"summary_large_image\" \/>\n<script type=\"application\/ld+json\" class=\"yoast-schema-graph\">{\"@context\":\"https:\\\/\\\/schema.org\",\"@graph\":[{\"@type\":\"WebPage\",\"@id\":\"https:\\\/\\\/tecnoblendgroup.com\\\/es\\\/catalogos\\\/\",\"url\":\"https:\\\/\\\/tecnoblendgroup.com\\\/es\\\/catalogos\\\/\",\"name\":\"Cat\u00e1logos - Tecnoblend Group\",\"isPartOf\":{\"@id\":\"https:\\\/\\\/tecnoblendgroup.com\\\/es\\\/#website\"},\"primaryImageOfPage\":{\"@id\":\"https:\\\/\\\/tecnoblendgroup.com\\\/es\\\/catalogos\\\/#primaryimage\"},\"image\":{\"@id\":\"https:\\\/\\\/tecnoblendgroup.com\\\/es\\\/catalogos\\\/#primaryimage\"},\"thumbnailUrl\":\"https:\\\/\\\/tecnoblendgroup.com\\\/wp-content\\\/uploads\\\/2026\\\/03\\\/cover-tecnoblend.jpg\",\"datePublished\":\"2026-02-09T08:39:47+00:00\",\"dateModified\":\"2026-04-13T14:54:53+00:00\",\"breadcrumb\":{\"@id\":\"https:\\\/\\\/tecnoblendgroup.com\\\/es\\\/catalogos\\\/#breadcrumb\"},\"inLanguage\":\"es\",\"potentialAction\":[{\"@type\":\"ReadAction\",\"target\":[\"https:\\\/\\\/tecnoblendgroup.com\\\/es\\\/catalogos\\\/\"]}]},{\"@type\":\"ImageObject\",\"inLanguage\":\"es\",\"@id\":\"https:\\\/\\\/tecnoblendgroup.com\\\/es\\\/catalogos\\\/#primaryimage\",\"url\":\"https:\\\/\\\/tecnoblendgroup.com\\\/wp-content\\\/uploads\\\/2026\\\/03\\\/cover-tecnoblend.jpg\",\"contentUrl\":\"https:\\\/\\\/tecnoblendgroup.com\\\/wp-content\\\/uploads\\\/2026\\\/03\\\/cover-tecnoblend.jpg\"},{\"@type\":\"BreadcrumbList\",\"@id\":\"https:\\\/\\\/tecnoblendgroup.com\\\/es\\\/catalogos\\\/#breadcrumb\",\"itemListElement\":[{\"@type\":\"ListItem\",\"position\":1,\"name\":\"Home\",\"item\":\"https:\\\/\\\/tecnoblendgroup.com\\\/es\\\/\"},{\"@type\":\"ListItem\",\"position\":2,\"name\":\"Cat\u00e1logos\"}]},{\"@type\":\"WebSite\",\"@id\":\"https:\\\/\\\/tecnoblendgroup.com\\\/es\\\/#website\",\"url\":\"https:\\\/\\\/tecnoblendgroup.com\\\/es\\\/\",\"name\":\"Tecnoblend Group\",\"description\":\"My WordPress Blog\",\"publisher\":{\"@id\":\"https:\\\/\\\/tecnoblendgroup.com\\\/es\\\/#organization\"},\"potentialAction\":[{\"@type\":\"SearchAction\",\"target\":{\"@type\":\"EntryPoint\",\"urlTemplate\":\"https:\\\/\\\/tecnoblendgroup.com\\\/es\\\/?s={search_term_string}\"},\"query-input\":{\"@type\":\"PropertyValueSpecification\",\"valueRequired\":true,\"valueName\":\"search_term_string\"}}],\"inLanguage\":\"es\"},{\"@type\":\"Organization\",\"@id\":\"https:\\\/\\\/tecnoblendgroup.com\\\/es\\\/#organization\",\"name\":\"Tecnoblend Group\",\"url\":\"https:\\\/\\\/tecnoblendgroup.com\\\/es\\\/\",\"logo\":{\"@type\":\"ImageObject\",\"inLanguage\":\"es\",\"@id\":\"https:\\\/\\\/tecnoblendgroup.com\\\/es\\\/#\\\/schema\\\/logo\\\/image\\\/\",\"url\":\"https:\\\/\\\/tecnoblendgroup.com\\\/wp-content\\\/uploads\\\/2025\\\/10\\\/logo-tecnoblend-group-black.svg\",\"contentUrl\":\"https:\\\/\\\/tecnoblendgroup.com\\\/wp-content\\\/uploads\\\/2025\\\/10\\\/logo-tecnoblend-group-black.svg\",\"width\":335,\"height\":67,\"caption\":\"Tecnoblend Group\"},\"image\":{\"@id\":\"https:\\\/\\\/tecnoblendgroup.com\\\/es\\\/#\\\/schema\\\/logo\\\/image\\\/\"}}]}<\/script>\n<!-- \/ Yoast SEO plugin. -->","yoast_head_json":{"title":"Cat\u00e1logos - Tecnoblend Group","robots":{"index":"index","follow":"follow","max-snippet":"max-snippet:-1","max-image-preview":"max-image-preview:large","max-video-preview":"max-video-preview:-1"},"canonical":"https:\/\/tecnoblendgroup.com\/es\/catalogos\/","og_locale":"es_ES","og_type":"article","og_title":"Cat\u00e1logos - Tecnoblend Group","og_description":"Cat\u00e1logos Gelateria DESCARGAR Cat\u00e1logos Pasteler\u00eda DESCARGAR Cat\u00e1logos Ho.Re.Ca DESCARGAR Cat\u00e1logos Industria DESCARGAR Cat\u00e1logos Linea Easy DESCARGAR","og_url":"https:\/\/tecnoblendgroup.com\/es\/catalogos\/","og_site_name":"Tecnoblend Group","article_modified_time":"2026-04-13T14:54:53+00:00","og_image":[{"width":600,"height":800,"url":"https:\/\/tecnoblendgroup.com\/wp-content\/uploads\/2026\/03\/cover-tecnoblend.jpg","type":"image\/jpeg"}],"twitter_card":"summary_large_image","schema":{"@context":"https:\/\/schema.org","@graph":[{"@type":"WebPage","@id":"https:\/\/tecnoblendgroup.com\/es\/catalogos\/","url":"https:\/\/tecnoblendgroup.com\/es\/catalogos\/","name":"Cat\u00e1logos - Tecnoblend Group","isPartOf":{"@id":"https:\/\/tecnoblendgroup.com\/es\/#website"},"primaryImageOfPage":{"@id":"https:\/\/tecnoblendgroup.com\/es\/catalogos\/#primaryimage"},"image":{"@id":"https:\/\/tecnoblendgroup.com\/es\/catalogos\/#primaryimage"},"thumbnailUrl":"https:\/\/tecnoblendgroup.com\/wp-content\/uploads\/2026\/03\/cover-tecnoblend.jpg","datePublished":"2026-02-09T08:39:47+00:00","dateModified":"2026-04-13T14:54:53+00:00","breadcrumb":{"@id":"https:\/\/tecnoblendgroup.com\/es\/catalogos\/#breadcrumb"},"inLanguage":"es","potentialAction":[{"@type":"ReadAction","target":["https:\/\/tecnoblendgroup.com\/es\/catalogos\/"]}]},{"@type":"ImageObject","inLanguage":"es","@id":"https:\/\/tecnoblendgroup.com\/es\/catalogos\/#primaryimage","url":"https:\/\/tecnoblendgroup.com\/wp-content\/uploads\/2026\/03\/cover-tecnoblend.jpg","contentUrl":"https:\/\/tecnoblendgroup.com\/wp-content\/uploads\/2026\/03\/cover-tecnoblend.jpg"},{"@type":"BreadcrumbList","@id":"https:\/\/tecnoblendgroup.com\/es\/catalogos\/#breadcrumb","itemListElement":[{"@type":"ListItem","position":1,"name":"Home","item":"https:\/\/tecnoblendgroup.com\/es\/"},{"@type":"ListItem","position":2,"name":"Cat\u00e1logos"}]},{"@type":"WebSite","@id":"https:\/\/tecnoblendgroup.com\/es\/#website","url":"https:\/\/tecnoblendgroup.com\/es\/","name":"Tecnoblend Group","description":"My WordPress Blog","publisher":{"@id":"https:\/\/tecnoblendgroup.com\/es\/#organization"},"potentialAction":[{"@type":"SearchAction","target":{"@type":"EntryPoint","urlTemplate":"https:\/\/tecnoblendgroup.com\/es\/?s={search_term_string}"},"query-input":{"@type":"PropertyValueSpecification","valueRequired":true,"valueName":"search_term_string"}}],"inLanguage":"es"},{"@type":"Organization","@id":"https:\/\/tecnoblendgroup.com\/es\/#organization","name":"Tecnoblend Group","url":"https:\/\/tecnoblendgroup.com\/es\/","logo":{"@type":"ImageObject","inLanguage":"es","@id":"https:\/\/tecnoblendgroup.com\/es\/#\/schema\/logo\/image\/","url":"https:\/\/tecnoblendgroup.com\/wp-content\/uploads\/2025\/10\/logo-tecnoblend-group-black.svg","contentUrl":"https:\/\/tecnoblendgroup.com\/wp-content\/uploads\/2025\/10\/logo-tecnoblend-group-black.svg","width":335,"height":67,"caption":"Tecnoblend Group"},"image":{"@id":"https:\/\/tecnoblendgroup.com\/es\/#\/schema\/logo\/image\/"}}]}},"_links":{"self":[{"href":"https:\/\/tecnoblendgroup.com\/es\/wp-json\/wp\/v2\/pages\/11230","targetHints":{"allow":["GET"]}}],"collection":[{"href":"https:\/\/tecnoblendgroup.com\/es\/wp-json\/wp\/v2\/pages"}],"about":[{"href":"https:\/\/tecnoblendgroup.com\/es\/wp-json\/wp\/v2\/types\/page"}],"author":[{"embeddable":true,"href":"https:\/\/tecnoblendgroup.com\/es\/wp-json\/wp\/v2\/users\/1"}],"replies":[{"embeddable":true,"href":"https:\/\/tecnoblendgroup.com\/es\/wp-json\/wp\/v2\/comments?post=11230"}],"version-history":[{"count":7,"href":"https:\/\/tecnoblendgroup.com\/es\/wp-json\/wp\/v2\/pages\/11230\/revisions"}],"predecessor-version":[{"id":11243,"href":"https:\/\/tecnoblendgroup.com\/es\/wp-json\/wp\/v2\/pages\/11230\/revisions\/11243"}],"wp:attachment":[{"href":"https:\/\/tecnoblendgroup.com\/es\/wp-json\/wp\/v2\/media?parent=11230"}],"curies":[{"name":"wp","href":"https:\/\/api.w.org\/{rel}","templated":true}]}}